{"id":40,"date":"2018-09-08T23:41:28","date_gmt":"2018-09-08T23:41:28","guid":{"rendered":"https:\/\/gpsites.co\/marketer\/?page_id=40"},"modified":"2025-07-14T10:31:46","modified_gmt":"2025-07-14T10:31:46","slug":"contactos","status":"publish","type":"page","link":"https:\/\/fbamaster.it\/es\/contactos\/","title":{"rendered":"P\u00f3ngase en contacto con"},"content":{"rendered":"<p>Si usted tiene preguntas espec\u00edficas acerca de los cursos de Amazon FBA, consultor\u00eda o simple curiosidad, por favor env\u00edeme un mensaje utilizando el siguiente formulario.<\/p>\n\n\n\n<p>Le responder\u00e9 lo antes posible.<\/p>\n\n\n\n<form data-id=\"1396\" data-wp-context=\"{&quot;storeSubmissions&quot;:true,&quot;captchaEnabled&quot;:false,&quot;captchaType&quot;:&quot;reCaptcha&quot;,&quot;hide&quot;:false,&quot;debug&quot;:false,&quot;redirect_url&quot;:&quot;&quot;,&quot;messages&quot;:{&quot;success&quot;:&quot;&quot;,&quot;error&quot;:&quot;&quot;},&quot;enableJsValidation&quot;:true}\" data-wp-init=\"callbacks.init\" data-wp-interactive=\"formello\" data-wp-on--submit=\"actions.sendForm\" method=\"post\" id=\"formello-1396\" class=\"wp-block-formello-form\" novalidate action=\"\"><input type=\"hidden\" name=\"_formello_id\"\/><input aria-label=\"If you are human, leave this field blank.\" name=\"_formello_h1396\" type=\"text\" class=\"formello-hp\" tabindex=\"-1\"\/><input type=\"hidden\" name=\"action\" value=\"formello\"\/>\n<div class=\"wp-block-formello-input formello\" data-wp-context=\"\"><label for=\"field-1\"><span>Nombre<\/span><\/label><input data-wp-on--blur=\"actions.validateInput\" data-wp-on--input=\"actions.validateInput\" data-wp-on--invalid=\"actions.validateInput\" value=\"\" name=\"name\" id=\"field-1\" type=\"text\" class=\"\"\/><div class=\"error-message\" data-wp-text=\"context.error\"><\/div><\/div>\n\n\n\n<div class=\"wp-block-formello-input formello\" data-wp-context=\"\"><label for=\"field-2\"><span>Correo electr\u00f3nico<\/span><span class=\"required\" aria-hidden=\"true\">*<\/span><\/label><input data-wp-on--blur=\"actions.validateInput\" data-wp-on--input=\"actions.validateInput\" data-wp-on--invalid=\"actions.validateInput\" value=\"\" name=\"email\" id=\"field-2\" type=\"email\" required class=\"\"\/><div class=\"error-message\" data-wp-text=\"context.error\"><\/div><\/div>\n\n\n\n<div class=\"wp-block-formello-input formello\" data-wp-context=\"\"><label for=\"field-3\"><span>Asunto<\/span><\/label><input data-wp-on--blur=\"actions.validateInput\" data-wp-on--input=\"actions.validateInput\" data-wp-on--invalid=\"actions.validateInput\" value=\"\" name=\"subject\" id=\"field-3\" type=\"text\" class=\"\"\/><div class=\"error-message\" data-wp-text=\"context.error\"><\/div><\/div>\n\n\n\n<div class=\"wp-block-formello-textarea formello\" data-wp-context=\"true\"><label class=\"\" for=\"field-4\"><span>Mensaje<\/span><\/label><textarea data-wp-on--blur=\"actions.validateInput\" data-wp-on--input=\"actions.validateInput\" data-wp-on--invalid=\"actions.validateInput\" name=\"message\" id=\"field-4\" placeholder=\"\" maxlength=\"\" minlength=\"\" cols=\"\" rows=\"\" class=\"\"><\/textarea><div class=\"error-message\" data-wp-text=\"context.error\"><\/div><\/div>\n\n\n\n<div data-wp-bind--disabled=\"context.isLoading\" data-wp-class--wp-block-formello-button--loading=\"context.isLoading\" class=\"wp-block-formello-button left formello\"><button type=\"submit\" class=\"wp-element-button has-text-color has-background\" style=\"color:#ffffff;background-color:#000000\"><span>Env\u00edo de<\/span><svg xmlns=\"http:\/\/www.w3.org\/2000\/svg\" viewbox=\"0 0 40 40\"><path d=\"M20.201 5.169c-8.254 0-14.946 6.692-14.946 14.946 0 8.255 6.692 14.946 14.946 14.946s14.946-6.691 14.946-14.946c-.001-8.254-6.692-14.946-14.946-14.946zm0 26.58c-6.425 0-11.634-5.208-11.634-11.634 0-6.425 5.209-11.634 11.634-11.634 6.425 0 11.633 5.209 11.633 11.634 0 6.426-5.208 11.634-11.633 11.634z\" opacity=\"0.2\"><\/path><path d=\"m26.013 10.047 1.654-2.866a14.855 14.855 0 0 0-7.466-2.012v3.312c2.119 0 4.1.576 5.812 1.566z\"><animatetransform attributename=\"transform\" attributetype=\"xml\" dur=\"0.5s\" from=\"0 20 20\" repeatcount=\"indefinite\" to=\"360 20 20\" type=\"rotate\"><\/animatetransform><\/path><\/svg><\/button><\/div>\n\n\n\n<div hidden class=\"wp-block-formello-message error\" data-wp-class--success=\"context.response.success\" data-wp-class--error=\"!context.response.success\" data-wp-interactive=\"formello\" data-wp-bind--hidden=\"!context.response\"><p hidden data-wp-bind--hidden=\"!context.response.success\"><\/p><p data-wp-text=\"state.message\" data-wp-bind--hidden=\"context.response.success\"><\/p><ul data-wp-context=\"state.errors\"><template data-wp-each=\"state.errors\"><li data-wp-text=\"context.item\"><\/li><\/template><\/ul><\/div>\n<input type=\"hidden\" name=\"trp-form-language\" value=\"es\"\/><\/form>","protected":false},"excerpt":{"rendered":"<p>Se hai delle richieste specifiche su corsi Amazon FBA, consulenze o semplici curiosit\u00e0, mandami un messaggio usando il modulo sottostante. &#8230; <\/p>\n<p class=\"read-more-container\"><a title=\"P\u00f3ngase en contacto con\" class=\"read-more button\" href=\"https:\/\/fbamaster.it\/es\/contactos\/\" aria-label=\"M\u00e1s en Contatti\">Seguir leyendo<\/a><\/p>","protected":false},"author":1,"featured_media":0,"parent":0,"menu_order":0,"comment_status":"closed","ping_status":"closed","template":"","meta":{"footnotes":""},"class_list":["post-40","page","type-page","status-publish"],"yoast_head":"<!-- This site is optimized with the Yoast SEO Premium plugin v25.4 (Yoast SEO v27.5) - https:\/\/yoast.com\/product\/yoast-seo-premium-wordpress\/ -->\n<title>Contatti<\/title>\n<meta name=\"robots\" content=\"noindex, follow\" \/>\n<meta property=\"og:locale\" content=\"es_ES\" \/>\n<meta property=\"og:type\" content=\"article\" \/>\n<meta property=\"og:title\" content=\"Contatti\" \/>\n<meta property=\"og:description\" content=\"Se hai delle richieste specifiche su corsi Amazon FBA, consulenze o semplici curiosit\u00e0, mandami un messaggio usando il modulo sottostante. ... Leggi di pi\u00f9\" \/>\n<meta property=\"og:url\" content=\"https:\/\/fbamaster.it\/es\/contactos\/\" \/>\n<meta property=\"og:site_name\" content=\"FBA Master\" \/>\n<meta property=\"article:publisher\" content=\"https:\/\/www.facebook.com\/FBAMaster-794112490957502\" \/>\n<meta property=\"article:modified_time\" content=\"2025-07-14T10:31:46+00:00\" \/>\n<meta name=\"twitter:card\" content=\"summary_large_image\" \/>\n<meta name=\"twitter:site\" content=\"@FbaMaster\" \/>\n<meta name=\"twitter:label1\" content=\"Tiempo de lectura\" \/>\n\t<meta name=\"twitter:data1\" content=\"1 minuto\" \/>\n<script type=\"application\/ld+json\" class=\"yoast-schema-graph\">{\"@context\":\"https:\\\/\\\/schema.org\",\"@graph\":[{\"@type\":\"WebPage\",\"@id\":\"https:\\\/\\\/fbamaster.it\\\/contatti\\\/\",\"url\":\"https:\\\/\\\/fbamaster.it\\\/contatti\\\/\",\"name\":\"Contatti\",\"isPartOf\":{\"@id\":\"https:\\\/\\\/fbamaster.it\\\/#website\"},\"datePublished\":\"2018-09-08T23:41:28+00:00\",\"dateModified\":\"2025-07-14T10:31:46+00:00\",\"breadcrumb\":{\"@id\":\"https:\\\/\\\/fbamaster.it\\\/contatti\\\/#breadcrumb\"},\"inLanguage\":\"es\",\"potentialAction\":[{\"@type\":\"ReadAction\",\"target\":[\"https:\\\/\\\/fbamaster.it\\\/contatti\\\/\"]}]},{\"@type\":\"BreadcrumbList\",\"@id\":\"https:\\\/\\\/fbamaster.it\\\/contatti\\\/#breadcrumb\",\"itemListElement\":[{\"@type\":\"ListItem\",\"position\":1,\"name\":\"Home\",\"item\":\"https:\\\/\\\/fbamaster.it\\\/\"},{\"@type\":\"ListItem\",\"position\":2,\"name\":\"Contatti\"}]},{\"@type\":\"WebSite\",\"@id\":\"https:\\\/\\\/fbamaster.it\\\/#website\",\"url\":\"https:\\\/\\\/fbamaster.it\\\/\",\"name\":\"FBA Master\",\"description\":\"Tutto su Amazon FBA\",\"publisher\":{\"@id\":\"https:\\\/\\\/fbamaster.it\\\/#organization\"},\"potentialAction\":[{\"@type\":\"SearchAction\",\"target\":{\"@type\":\"EntryPoint\",\"urlTemplate\":\"https:\\\/\\\/fbamaster.it\\\/?s={search_term_string}\"},\"query-input\":{\"@type\":\"PropertyValueSpecification\",\"valueRequired\":true,\"valueName\":\"search_term_string\"}}],\"inLanguage\":\"es\"},{\"@type\":\"Organization\",\"@id\":\"https:\\\/\\\/fbamaster.it\\\/#organization\",\"name\":\"FBA Master\",\"url\":\"https:\\\/\\\/fbamaster.it\\\/\",\"logo\":{\"@type\":\"ImageObject\",\"inLanguage\":\"es\",\"@id\":\"https:\\\/\\\/fbamaster.it\\\/#\\\/schema\\\/logo\\\/image\\\/\",\"url\":\"https:\\\/\\\/fbamaster.it\\\/wp-content\\\/uploads\\\/2019\\\/02\\\/fba.png\",\"contentUrl\":\"https:\\\/\\\/fbamaster.it\\\/wp-content\\\/uploads\\\/2019\\\/02\\\/fba.png\",\"width\":270,\"height\":270,\"caption\":\"FBA Master\"},\"image\":{\"@id\":\"https:\\\/\\\/fbamaster.it\\\/#\\\/schema\\\/logo\\\/image\\\/\"},\"sameAs\":[\"https:\\\/\\\/www.facebook.com\\\/FBAMaster-794112490957502\",\"https:\\\/\\\/x.com\\\/FbaMaster\"]}]}<\/script>\n<!-- \/ Yoast SEO Premium plugin. -->","yoast_head_json":{"title":"P\u00f3ngase en contacto con","robots":{"index":"noindex","follow":"follow"},"og_locale":"es_ES","og_type":"article","og_title":"Contatti","og_description":"Se hai delle richieste specifiche su corsi Amazon FBA, consulenze o semplici curiosit\u00e0, mandami un messaggio usando il modulo sottostante. ... Leggi di pi\u00f9","og_url":"https:\/\/fbamaster.it\/es\/contactos\/","og_site_name":"FBA Master","article_publisher":"https:\/\/www.facebook.com\/FBAMaster-794112490957502","article_modified_time":"2025-07-14T10:31:46+00:00","twitter_card":"summary_large_image","twitter_site":"@FbaMaster","twitter_misc":{"Tiempo de lectura":"1 minuto"},"schema":{"@context":"https:\/\/schema.org","@graph":[{"@type":"WebPage","@id":"https:\/\/fbamaster.it\/contatti\/","url":"https:\/\/fbamaster.it\/contatti\/","name":"P\u00f3ngase en contacto con","isPartOf":{"@id":"https:\/\/fbamaster.it\/#website"},"datePublished":"2018-09-08T23:41:28+00:00","dateModified":"2025-07-14T10:31:46+00:00","breadcrumb":{"@id":"https:\/\/fbamaster.it\/contatti\/#breadcrumb"},"inLanguage":"es","potentialAction":[{"@type":"ReadAction","target":["https:\/\/fbamaster.it\/contatti\/"]}]},{"@type":"BreadcrumbList","@id":"https:\/\/fbamaster.it\/contatti\/#breadcrumb","itemListElement":[{"@type":"ListItem","position":1,"name":"Home","item":"https:\/\/fbamaster.it\/"},{"@type":"ListItem","position":2,"name":"Contatti"}]},{"@type":"WebSite","@id":"https:\/\/fbamaster.it\/#website","url":"https:\/\/fbamaster.it\/","name":"Maestro FBA","description":"Todo sobre Amazon FBA","publisher":{"@id":"https:\/\/fbamaster.it\/#organization"},"potentialAction":[{"@type":"SearchAction","target":{"@type":"EntryPoint","urlTemplate":"https:\/\/fbamaster.it\/?s={search_term_string}"},"query-input":{"@type":"PropertyValueSpecification","valueRequired":true,"valueName":"search_term_string"}}],"inLanguage":"es"},{"@type":"Organization","@id":"https:\/\/fbamaster.it\/#organization","name":"Maestro FBA","url":"https:\/\/fbamaster.it\/","logo":{"@type":"ImageObject","inLanguage":"es","@id":"https:\/\/fbamaster.it\/#\/schema\/logo\/image\/","url":"https:\/\/fbamaster.it\/wp-content\/uploads\/2019\/02\/fba.png","contentUrl":"https:\/\/fbamaster.it\/wp-content\/uploads\/2019\/02\/fba.png","width":270,"height":270,"caption":"FBA Master"},"image":{"@id":"https:\/\/fbamaster.it\/#\/schema\/logo\/image\/"},"sameAs":["https:\/\/www.facebook.com\/FBAMaster-794112490957502","https:\/\/x.com\/FbaMaster"]}]}},"_links":{"self":[{"href":"https:\/\/fbamaster.it\/es\/wp-json\/wp\/v2\/pages\/40","targetHints":{"allow":["GET"]}}],"collection":[{"href":"https:\/\/fbamaster.it\/es\/wp-json\/wp\/v2\/pages"}],"about":[{"href":"https:\/\/fbamaster.it\/es\/wp-json\/wp\/v2\/types\/page"}],"author":[{"embeddable":true,"href":"https:\/\/fbamaster.it\/es\/wp-json\/wp\/v2\/users\/1"}],"replies":[{"embeddable":true,"href":"https:\/\/fbamaster.it\/es\/wp-json\/wp\/v2\/comments?post=40"}],"version-history":[{"count":20,"href":"https:\/\/fbamaster.it\/es\/wp-json\/wp\/v2\/pages\/40\/revisions"}],"predecessor-version":[{"id":1475,"href":"https:\/\/fbamaster.it\/es\/wp-json\/wp\/v2\/pages\/40\/revisions\/1475"}],"wp:attachment":[{"href":"https:\/\/fbamaster.it\/es\/wp-json\/wp\/v2\/media?parent=40"}],"curies":[{"name":"wp","href":"https:\/\/api.w.org\/{rel}","templated":true}]}}